{"id":6858,"date":"2021-07-23T20:12:21","date_gmt":"2021-07-23T18:12:21","guid":{"rendered":"http:\/\/staging.is962nap.de.edis.global\/partner-stories\/"},"modified":"2021-09-14T11:06:42","modified_gmt":"2021-09-14T09:06:42","slug":"partner-stories","status":"publish","type":"page","link":"http:\/\/staging.is962nap.de.edis.global\/en\/customers-partners\/partner-network\/partner-stories\/","title":{"rendered":"Partner Stories"},"content":{"rendered":"\t\t<div data-elementor-type=\"wp-page\" data-elementor-id=\"6858\" class=\"elementor elementor-6858\" data-elementor-settings=\"[]\">\n\t\t\t\t\t\t\t<div class=\"elementor-section-wrap\">\n\t\t\t\t\t\t\t<section data-particle_enable=\"false\" data-particle-mobile-disabled=\"false\" class=\"elementor-section elementor-top-section elementor-element elementor-element-48cb8db9 elementor-section-content-middle elementor-section-boxed elementor-section-height-default elementor-section-height-default\" data-id=\"48cb8db9\" data-element_type=\"section\">\n\t\t\t\t\t\t<div class=\"elementor-container elementor-column-gap-default\">\n\t\t\t\t\t<div class=\"elementor-column elementor-col-100 elementor-top-column elementor-element elementor-element-4504e296\" data-id=\"4504e296\" data-element_type=\"column\">\n\t\t\t<div class=\"elementor-widget-wrap elementor-element-populated\">\n\t\t\t\t\t\t\t\t<div class=\"elementor-element elementor-element-687618fa elementor-align-left elementor-mobile-align-center elementor-widget elementor-widget-breadcrumbs\" data-id=\"687618fa\" data-element_type=\"widget\" data-widget_type=\"breadcrumbs.default\">\n\t\t\t\t<div class=\"elementor-widget-container\">\n\t\t\t<p id=\"breadcrumbs\"><span><span><a href=\"http:\/\/staging.is962nap.de.edis.global\/en\/\">XiTrust<\/a><\/span><\/p>\t\t<\/div>\n\t\t\t\t<\/div>\n\t\t\t\t<div class=\"elementor-element elementor-element-23701c9b elementor-widget elementor-widget-heading\" data-id=\"23701c9b\" data-element_type=\"widget\" data-widget_type=\"heading.default\">\n\t\t\t\t<div class=\"elementor-widget-container\">\n\t\t\t<h1 class=\"elementor-heading-title elementor-size-default\">Partnernetzwerk<\/h1>\t\t<\/div>\n\t\t\t\t<\/div>\n\t\t\t\t<div class=\"elementor-element elementor-element-27af7cf6 elementor-mobile-align-justify elementor-widget__width-auto elementor-widget-mobile__width-inherit elementor-widget elementor-widget-button\" data-id=\"27af7cf6\" data-element_type=\"widget\" data-widget_type=\"button.default\">\n\t\t\t\t<div class=\"elementor-widget-container\">\n\t\t\t\t\t<div class=\"elementor-button-wrapper\">\n\t\t\t<a href=\"#\" class=\"elementor-button-link elementor-button elementor-size-sm\" role=\"button\">\n\t\t\t\t\t\t<span class=\"elementor-button-content-wrapper\">\n\t\t\t\t\t\t<span class=\"elementor-button-text\">Partner werden<\/span>\n\t\t<\/span>\n\t\t\t\t\t<\/a>\n\t\t<\/div>\n\t\t\t\t<\/div>\n\t\t\t\t<\/div>\n\t\t\t\t<div class=\"elementor-element elementor-element-1f459e85 elementor-mobile-align-justify elementor-widget__width-auto elementor-widget-mobile__width-inherit elementor-widget elementor-widget-button\" data-id=\"1f459e85\" data-element_type=\"widget\" data-widget_type=\"button.default\">\n\t\t\t\t<div class=\"elementor-widget-container\">\n\t\t\t\t\t<div class=\"elementor-button-wrapper\">\n\t\t\t<a href=\"http:\/\/staging.is962nap.de.edis.global\/kunden-partner\/partner\/\" class=\"elementor-button-link elementor-button elementor-size-sm\" role=\"button\">\n\t\t\t\t\t\t<span class=\"elementor-button-content-wrapper\">\n\t\t\t\t\t\t<span class=\"elementor-button-icon elementor-align-icon-right\">\n\t\t\t\t<i aria-hidden=\"true\" class=\"icon icon-arrow-link\"><\/i>\t\t\t<\/span>\n\t\t\t\t\t\t<span class=\"elementor-button-text\">Zur\u00fcck zu Partner<\/span>\n\t\t<\/span>\n\t\t\t\t\t<\/a>\n\t\t<\/div>\n\t\t\t\t<\/div>\n\t\t\t\t<\/div>\n\t\t\t\t\t<\/div>\n\t\t<\/div>\n\t\t\t\t\t\t\t<\/div>\n\t\t<\/section>\n\t\t\t\t<section data-particle_enable=\"false\" data-particle-mobile-disabled=\"false\" class=\"elementor-section elementor-top-section elementor-element elementor-element-9a7988e elementor-section-boxed elementor-section-height-default elementor-section-height-default\" data-id=\"9a7988e\" data-element_type=\"section\">\n\t\t\t\t\t\t<div class=\"elementor-container elementor-column-gap-default\">\n\t\t\t\t\t<div class=\"elementor-column elementor-col-100 elementor-top-column elementor-element elementor-element-2fb30467\" data-id=\"2fb30467\" data-element_type=\"column\">\n\t\t\t<div class=\"elementor-widget-wrap elementor-element-populated\">\n\t\t\t\t\t\t\t\t<div class=\"elementor-element elementor-element-10c4562e elementor-widget elementor-widget-heading\" data-id=\"10c4562e\" data-element_type=\"widget\" data-widget_type=\"heading.default\">\n\t\t\t\t<div class=\"elementor-widget-container\">\n\t\t\t<h2 class=\"elementor-heading-title elementor-size-default\">\nIn der Praxis \u2013 Beispiele f\u00fcr Partnerl\u00f6sungen<span>.<\/span><\/h2>\t\t<\/div>\n\t\t\t\t<\/div>\n\t\t\t\t<div class=\"elementor-element elementor-element-23455e4a uael-posts-thumbnail-ratio elementor-widget elementor-widget-uael-posts\" data-id=\"23455e4a\" data-element_type=\"widget\" data-widget_type=\"uael-posts.classic\">\n\t\t\t\t<div class=\"elementor-widget-container\">\n\t\t\t\t\t<div class=\"uael-post__grid-empty\">\n\t\t\t<p>Sorry, we couldn't find any posts. Please try a different search.<\/p>\n\t\t\t\t\t<\/div>\n\t\t\t\t<\/div>\n\t\t\t\t<\/div>\n\t\t\t\t\t<\/div>\n\t\t<\/div>\n\t\t\t\t\t\t\t<\/div>\n\t\t<\/section>\n\t\t\t\t<section data-particle_enable=\"false\" data-particle-mobile-disabled=\"false\" class=\"elementor-section elementor-top-section elementor-element elementor-element-a9514e7 elementor-section-boxed elementor-section-height-default elementor-section-height-default\" data-id=\"a9514e7\" data-element_type=\"section\">\n\t\t\t\t\t\t<div class=\"elementor-container elementor-column-gap-default\">\n\t\t\t\t\t<div class=\"elementor-column elementor-col-100 elementor-top-column elementor-element elementor-element-77230a2\" data-id=\"77230a2\" data-element_type=\"column\">\n\t\t\t<div class=\"elementor-widget-wrap elementor-element-populated\">\n\t\t\t\t\t\t\t\t<div class=\"elementor-element elementor-element-d24a181 elementor-widget elementor-widget-text-editor\" data-id=\"d24a181\" data-element_type=\"widget\" data-widget_type=\"text-editor.default\">\n\t\t\t\t<div class=\"elementor-widget-container\">\n\t\t\t\t\t\t\t<p>M\u00f6chten Sie auch Teil des XiTrust-Partnernetzwerks werden?<br \/>Lassen Sie uns \u00fcber M\u00f6glichkeiten der Zusammenarbeit sprechen.<\/p>\t\t\t\t\t\t<\/div>\n\t\t\t\t<\/div>\n\t\t\t\t<div class=\"elementor-element elementor-element-c842728 elementor-align-center elementor-widget elementor-widget-button\" data-id=\"c842728\" data-element_type=\"widget\" data-widget_type=\"button.default\">\n\t\t\t\t<div class=\"elementor-widget-container\">\n\t\t\t\t\t<div class=\"elementor-button-wrapper\">\n\t\t\t<a href=\"http:\/\/staging.is962nap.de.edis.global\/en\/\" class=\"elementor-button-link elementor-button elementor-size-sm\" role=\"button\">\n\t\t\t\t\t\t<span class=\"elementor-button-content-wrapper\">\n\t\t\t\t\t\t<span class=\"elementor-button-text\">Partner werden<\/span>\n\t\t<\/span>\n\t\t\t\t\t<\/a>\n\t\t<\/div>\n\t\t\t\t<\/div>\n\t\t\t\t<\/div>\n\t\t\t\t\t<\/div>\n\t\t<\/div>\n\t\t\t\t\t\t\t<\/div>\n\t\t<\/section>\n\t\t\t\t<section data-particle_enable=\"false\" data-particle-mobile-disabled=\"false\" class=\"elementor-section elementor-top-section elementor-element elementor-element-32d1e140 elementor-section-full_width elementor-section-height-default elementor-section-height-default\" data-id=\"32d1e140\" data-element_type=\"section\">\n\t\t\t\t\t\t<div class=\"elementor-container elementor-column-gap-default\">\n\t\t\t\t\t<div class=\"elementor-column elementor-col-100 elementor-top-column elementor-element elementor-element-1773047\" data-id=\"1773047\" data-element_type=\"column\">\n\t\t\t<div class=\"elementor-widget-wrap elementor-element-populated\">\n\t\t\t\t\t\t\t\t<div class=\"elementor-element elementor-element-9916d46 elementor-widget elementor-widget-heading\" data-id=\"9916d46\" data-element_type=\"widget\" data-widget_type=\"heading.default\">\n\t\t\t\t<div class=\"elementor-widget-container\">\n\t\t\t<h2 class=\"elementor-heading-title elementor-size-default\">Gemeinsam vorankommen \u2013 Unser Partnernetzwerk<\/h2>\t\t<\/div>\n\t\t\t\t<\/div>\n\t\t\t\t<div class=\"elementor-element elementor-element-37c06050 animated-slow elementor-invisible elementor-widget elementor-widget-eael-logo-carousel\" data-id=\"37c06050\" data-element_type=\"widget\" data-settings=\"{&quot;_animation&quot;:&quot;fadeInRight&quot;}\" data-widget_type=\"eael-logo-carousel.default\">\n\t\t\t\t<div class=\"elementor-widget-container\">\n\t\t\t        <div class=\"swiper-container-wrap eael-logo-carousel-wrap\">\n            <div class=\"swiper-container eael-logo-carousel swiper-container-37c06050\" data-pagination=\".swiper-pagination-37c06050\" data-arrow-next=\".swiper-button-next-37c06050\" data-arrow-prev=\".swiper-button-prev-37c06050\" data-items=\"6\" data-items-tablet=\"4\" data-items-mobile=\"3\" data-margin=\"24\" data-effect=\"slide\" data-speed=\"600\" data-autoplay=\"4000\" data-loop=\"1\">\n                <div class=\"swiper-wrapper\">\n                \t\t\t\t\t\t\t\t\t\t\t\t\t\t\t\t\t\t\t\t\t\t\t\t                            <div class=\"swiper-slide\">\n\t\t\t\t\t\t\t\t\t\t\t\t\t\t\t\t\t\t\t\t\t\t\t\t                                <div class=\"eael-lc-logo-wrap\">\n\t\t\t\t\t\t\t\t\t\t\t\t\t\t\t\t\t\t\t\t\t\t\t\t                                    <div class=\"eael-lc-logo\">\n\t\t\t\t\t\t\t\t\t\t\t\t\t\t\t\t\t\t\t\t\t\t\t\t                                        <img src=\"http:\/\/staging.is962nap.de.edis.global\/app\/uploads\/2021\/06\/rlb-stmk-logo-1.svg\" alt=\"\">\t\t\t\t\t\t\t\t\t\t\t\t\t\t\t\t\t\t\t\t\t\t\t\t                                    <\/div>\n\t\t\t\t\t\t\t\t\t\t\t\t\t\t\t\t\t\t\t\t\t\t\t\t                                    \t\t\t\t\t\t\t\t\t\t\t\t\t\t\t\t\t\t\t\t\t\t\t\t                                <\/div>\n\t\t\t\t\t\t\t\t\t\t\t\t\t\t\t\t\t\t\t\t\t\t\t\t                            <\/div>\n\t\t\t\t\t\t\t\t\t\t\t\t\t\t\t\t\t\t\t\t\t\t\t\t                            \t\t\t\t\t\t\t\t\t\t\t\t\t\t\t\t\t\t\t\t\t\t\t\t                            <div class=\"swiper-slide\">\n\t\t\t\t\t\t\t\t\t\t\t\t\t\t\t\t\t\t\t\t\t\t\t\t                                <div class=\"eael-lc-logo-wrap\">\n\t\t\t\t\t\t\t\t\t\t\t\t\t\t\t\t\t\t\t\t\t\t\t\t                                    <div class=\"eael-lc-logo\">\n\t\t\t\t\t\t\t\t\t\t\t\t\t\t\t\t\t\t\t\t\t\t\t\t                                        <img src=\"http:\/\/staging.is962nap.de.edis.global\/app\/uploads\/2021\/06\/fresenius_kabi_logo-1.png\" alt=\"\">\t\t\t\t\t\t\t\t\t\t\t\t\t\t\t\t\t\t\t\t\t\t\t\t                                    <\/div>\n\t\t\t\t\t\t\t\t\t\t\t\t\t\t\t\t\t\t\t\t\t\t\t\t                                    \t\t\t\t\t\t\t\t\t\t\t\t\t\t\t\t\t\t\t\t\t\t\t\t                                <\/div>\n\t\t\t\t\t\t\t\t\t\t\t\t\t\t\t\t\t\t\t\t\t\t\t\t                            <\/div>\n\t\t\t\t\t\t\t\t\t\t\t\t\t\t\t\t\t\t\t\t\t\t\t\t                            \t\t\t\t\t\t\t\t\t\t\t\t\t\t\t\t\t\t\t\t\t\t\t\t                            <div class=\"swiper-slide\">\n\t\t\t\t\t\t\t\t\t\t\t\t\t\t\t\t\t\t\t\t\t\t\t\t                                <div class=\"eael-lc-logo-wrap\">\n\t\t\t\t\t\t\t\t\t\t\t\t\t\t\t\t\t\t\t\t\t\t\t\t                                    <div class=\"eael-lc-logo\">\n\t\t\t\t\t\t\t\t\t\t\t\t\t\t\t\t\t\t\t\t\t\t\t\t                                        <img src=\"http:\/\/staging.is962nap.de.edis.global\/app\/uploads\/2021\/06\/image_scaledfullscreen-1-1.svg\" alt=\"\">\t\t\t\t\t\t\t\t\t\t\t\t\t\t\t\t\t\t\t\t\t\t\t\t                                    <\/div>\n\t\t\t\t\t\t\t\t\t\t\t\t\t\t\t\t\t\t\t\t\t\t\t\t                                    \t\t\t\t\t\t\t\t\t\t\t\t\t\t\t\t\t\t\t\t\t\t\t\t                                <\/div>\n\t\t\t\t\t\t\t\t\t\t\t\t\t\t\t\t\t\t\t\t\t\t\t\t                            <\/div>\n\t\t\t\t\t\t\t\t\t\t\t\t\t\t\t\t\t\t\t\t\t\t\t\t                            \t\t\t\t\t\t\t\t\t\t\t\t\t\t\t\t\t\t\t\t\t\t\t\t                            <div class=\"swiper-slide\">\n\t\t\t\t\t\t\t\t\t\t\t\t\t\t\t\t\t\t\t\t\t\t\t\t                                <div class=\"eael-lc-logo-wrap\">\n\t\t\t\t\t\t\t\t\t\t\t\t\t\t\t\t\t\t\t\t\t\t\t\t                                    <div class=\"eael-lc-logo\">\n\t\t\t\t\t\t\t\t\t\t\t\t\t\t\t\t\t\t\t\t\t\t\t\t                                        <img src=\"http:\/\/staging.is962nap.de.edis.global\/app\/uploads\/2021\/06\/co_online_mugprod-1.svg\" alt=\"\">\t\t\t\t\t\t\t\t\t\t\t\t\t\t\t\t\t\t\t\t\t\t\t\t                                    <\/div>\n\t\t\t\t\t\t\t\t\t\t\t\t\t\t\t\t\t\t\t\t\t\t\t\t                                    \t\t\t\t\t\t\t\t\t\t\t\t\t\t\t\t\t\t\t\t\t\t\t\t                                <\/div>\n\t\t\t\t\t\t\t\t\t\t\t\t\t\t\t\t\t\t\t\t\t\t\t\t                            <\/div>\n\t\t\t\t\t\t\t\t\t\t\t\t\t\t\t\t\t\t\t\t\t\t\t\t                            \t\t\t\t\t\t\t\t\t\t\t\t\t\t\t\t\t\t\t\t\t\t\t\t                            <div class=\"swiper-slide\">\n\t\t\t\t\t\t\t\t\t\t\t\t\t\t\t\t\t\t\t\t\t\t\t\t                                <div class=\"eael-lc-logo-wrap\">\n\t\t\t\t\t\t\t\t\t\t\t\t\t\t\t\t\t\t\t\t\t\t\t\t                                    <div class=\"eael-lc-logo\">\n\t\t\t\t\t\t\t\t\t\t\t\t\t\t\t\t\t\t\t\t\t\t\t\t                                        <img src=\"http:\/\/staging.is962nap.de.edis.global\/app\/uploads\/2021\/06\/logo-bmw-2020-2.svg\" alt=\"\">\t\t\t\t\t\t\t\t\t\t\t\t\t\t\t\t\t\t\t\t\t\t\t\t                                    <\/div>\n\t\t\t\t\t\t\t\t\t\t\t\t\t\t\t\t\t\t\t\t\t\t\t\t                                    \t\t\t\t\t\t\t\t\t\t\t\t\t\t\t\t\t\t\t\t\t\t\t\t                                <\/div>\n\t\t\t\t\t\t\t\t\t\t\t\t\t\t\t\t\t\t\t\t\t\t\t\t                            <\/div>\n\t\t\t\t\t\t\t\t\t\t\t\t\t\t\t\t\t\t\t\t\t\t\t\t                            \t\t\t\t\t\t\t\t\t\t\t\t\t\t\t\t\t\t\t\t\t\t\t\t                            <div class=\"swiper-slide\">\n\t\t\t\t\t\t\t\t\t\t\t\t\t\t\t\t\t\t\t\t\t\t\t\t                                <div class=\"eael-lc-logo-wrap\">\n\t\t\t\t\t\t\t\t\t\t\t\t\t\t\t\t\t\t\t\t\t\t\t\t                                    <div class=\"eael-lc-logo\">\n\t\t\t\t\t\t\t\t\t\t\t\t\t\t\t\t\t\t\t\t\t\t\t\t                                        <img src=\"http:\/\/staging.is962nap.de.edis.global\/app\/uploads\/2021\/06\/vector-1.svg\" alt=\"\">\t\t\t\t\t\t\t\t\t\t\t\t\t\t\t\t\t\t\t\t\t\t\t\t                                    <\/div>\n\t\t\t\t\t\t\t\t\t\t\t\t\t\t\t\t\t\t\t\t\t\t\t\t                                    \t\t\t\t\t\t\t\t\t\t\t\t\t\t\t\t\t\t\t\t\t\t\t\t                                <\/div>\n\t\t\t\t\t\t\t\t\t\t\t\t\t\t\t\t\t\t\t\t\t\t\t\t                            <\/div>\n\t\t\t\t\t\t\t\t\t\t\t\t\t\t\t\t\t\t\t\t\t\t\t\t                                            <\/div>\n            <\/div>\n                    <\/div>\n        \t\t<\/div>\n\t\t\t\t<\/div>\n\t\t\t\t\t<\/div>\n\t\t<\/div>\n\t\t\t\t\t\t\t<\/div>\n\t\t<\/section>\n\t\t\t\t\t\t<\/div>\n\t\t\t\t\t<\/div>\n\t\t","protected":false},"excerpt":{"rendered":"<p>Partnernetzwerk Partner werden Zur\u00fcck zu Partner In der Praxis \u2013 Beispiele f\u00fcr Partnerl\u00f6sungen. SER Group Weiterlesen Output AG Weiterlesen Heilig &#038; Schubert Weiterlesen inovoo Weiterlesen zvoove Weiterlesen GEDAT Weiterlesen Swisscom Weiterlesen A-Trust Weiterlesen D-Trust Weiterlesen M\u00f6chten Sie auch Teil des XiTrust-Partnernetzwerks werden?Lassen Sie uns \u00fcber M\u00f6glichkeiten der Zusammenarbeit sprechen. Partner werden Gemeinsam vorankommen \u2013 Unser &hellip;<\/p>\n<p class=\"read-more\"> <a class=\"\" href=\"http:\/\/staging.is962nap.de.edis.global\/en\/customers-partners\/partner-network\/partner-stories\/\"> <span class=\"screen-reader-text\">Partner Stories<\/span> Read More &raquo;<\/a><\/p>\n","protected":false},"author":3,"featured_media":0,"parent":9477,"menu_order":0,"comment_status":"closed","ping_status":"closed","template":"","meta":{"_links_to":"","_links_to_target":""},"yoast_head":"<!-- This site is optimized with the Yoast SEO Premium plugin v17.3 (Yoast SEO v17.3) - https:\/\/yoast.com\/wordpress\/plugins\/seo\/ -->\n<title>Partner Stories &bull; XiTrust<\/title>\n<meta name=\"robots\" content=\"noindex, follow, max-snippet:-1, max-image-preview:large, max-video-preview:-1\" \/>\n<meta property=\"og:locale\" content=\"en_US\" \/>\n<meta property=\"og:type\" content=\"article\" \/>\n<meta property=\"og:title\" content=\"Partner Stories\" \/>\n<meta property=\"og:description\" content=\"Partnernetzwerk Partner werden Zur\u00fcck zu Partner In der Praxis \u2013 Beispiele f\u00fcr Partnerl\u00f6sungen. SER Group Weiterlesen Output AG Weiterlesen Heilig &#038; Schubert Weiterlesen inovoo Weiterlesen zvoove Weiterlesen GEDAT Weiterlesen Swisscom Weiterlesen A-Trust Weiterlesen D-Trust Weiterlesen M\u00f6chten Sie auch Teil des XiTrust-Partnernetzwerks werden?Lassen Sie uns \u00fcber M\u00f6glichkeiten der Zusammenarbeit sprechen. Partner werden Gemeinsam vorankommen \u2013 Unser &hellip; Partner Stories Read More &raquo;\" \/>\n<meta property=\"og:url\" content=\"http:\/\/staging.is962nap.de.edis.global\/en\/customers-partners\/partner-network\/partner-stories\/\" \/>\n<meta property=\"og:site_name\" content=\"XiTrust\" \/>\n<meta property=\"article:publisher\" content=\"https:\/\/www.facebook.com\/XiTrustSecureTechnologiesGmbH\" \/>\n<meta property=\"article:modified_time\" content=\"2021-09-14T09:06:42+00:00\" \/>\n<meta property=\"og:image\" content=\"http:\/\/staging.is962nap.de.edis.global\/app\/uploads\/2021\/09\/ser-hauptsitz-bonn-zuschnitt.jpg\" \/>\n<meta name=\"twitter:card\" content=\"summary_large_image\" \/>\n<meta name=\"twitter:site\" content=\"@XiTrust_MOXIS\" \/>\n<meta name=\"twitter:label1\" content=\"Est. reading time\" \/>\n\t<meta name=\"twitter:data1\" content=\"5 minutes\" \/>\n<script type=\"application\/ld+json\" class=\"yoast-schema-graph\">{\"@context\":\"https:\/\/schema.org\",\"@graph\":[{\"@type\":\"Organization\",\"@id\":\"http:\/\/staging.is962nap.de.edis.global\/#organization\",\"name\":\"XiTrust Secure Technologies GmbH\",\"url\":\"http:\/\/staging.is962nap.de.edis.global\/\",\"sameAs\":[\"https:\/\/www.facebook.com\/XiTrustSecureTechnologiesGmbH\",\"https:\/\/www.linkedin.com\/company\/xitrust-the-esignature-company\/\",\"https:\/\/www.youtube.com\/xitrust\",\"https:\/\/twitter.com\/XiTrust_MOXIS\"],\"logo\":{\"@type\":\"ImageObject\",\"@id\":\"http:\/\/staging.is962nap.de.edis.global\/#logo\",\"inLanguage\":\"en-US\",\"url\":\"http:\/\/staging.is962nap.de.edis.global\/app\/uploads\/2021\/10\/logo-xitrust-sticky.png\",\"contentUrl\":\"http:\/\/staging.is962nap.de.edis.global\/app\/uploads\/2021\/10\/logo-xitrust-sticky.png\",\"width\":99,\"height\":78,\"caption\":\"XiTrust Secure Technologies GmbH\"},\"image\":{\"@id\":\"http:\/\/staging.is962nap.de.edis.global\/#logo\"}},{\"@type\":\"WebSite\",\"@id\":\"http:\/\/staging.is962nap.de.edis.global\/#website\",\"url\":\"http:\/\/staging.is962nap.de.edis.global\/\",\"name\":\"XiTrust\",\"description\":\"The eSignature Company\",\"publisher\":{\"@id\":\"http:\/\/staging.is962nap.de.edis.global\/#organization\"},\"potentialAction\":[{\"@type\":\"SearchAction\",\"target\":{\"@type\":\"EntryPoint\",\"urlTemplate\":\"http:\/\/staging.is962nap.de.edis.global\/?s={search_term_string}\"},\"query-input\":\"required name=search_term_string\"}],\"inLanguage\":\"en-US\"},{\"@type\":\"ImageObject\",\"@id\":\"http:\/\/staging.is962nap.de.edis.global\/en\/customers-partners\/partner-network\/partner-stories\/#primaryimage\",\"inLanguage\":\"en-US\",\"url\":\"http:\/\/staging.is962nap.de.edis.global\/app\/uploads\/2021\/09\/ser-hauptsitz-bonn-zuschnitt.jpg\",\"contentUrl\":\"http:\/\/staging.is962nap.de.edis.global\/app\/uploads\/2021\/09\/ser-hauptsitz-bonn-zuschnitt.jpg\"},{\"@type\":\"WebPage\",\"@id\":\"http:\/\/staging.is962nap.de.edis.global\/en\/customers-partners\/partner-network\/partner-stories\/#webpage\",\"url\":\"http:\/\/staging.is962nap.de.edis.global\/en\/customers-partners\/partner-network\/partner-stories\/\",\"name\":\"Partner Stories &bull; XiTrust\",\"isPartOf\":{\"@id\":\"http:\/\/staging.is962nap.de.edis.global\/#website\"},\"primaryImageOfPage\":{\"@id\":\"http:\/\/staging.is962nap.de.edis.global\/en\/customers-partners\/partner-network\/partner-stories\/#primaryimage\"},\"datePublished\":\"2021-07-23T18:12:21+00:00\",\"dateModified\":\"2021-09-14T09:06:42+00:00\",\"breadcrumb\":{\"@id\":\"http:\/\/staging.is962nap.de.edis.global\/en\/customers-partners\/partner-network\/partner-stories\/#breadcrumb\"},\"inLanguage\":\"en-US\",\"potentialAction\":[{\"@type\":\"ReadAction\",\"target\":[\"http:\/\/staging.is962nap.de.edis.global\/en\/customers-partners\/partner-network\/partner-stories\/\"]}]},{\"@type\":\"BreadcrumbList\",\"@id\":\"http:\/\/staging.is962nap.de.edis.global\/en\/customers-partners\/partner-network\/partner-stories\/#breadcrumb\",\"itemListElement\":[{\"@type\":\"ListItem\",\"position\":1,\"name\":\"XiTrust\",\"item\":\"http:\/\/staging.is962nap.de.edis.global\/en\/\"},{\"@type\":\"ListItem\",\"position\":2,\"name\":\"Customers &#038; Partners\",\"item\":\"http:\/\/staging.is962nap.de.edis.global\/en\/customers-partners\/\"},{\"@type\":\"ListItem\",\"position\":3,\"name\":\"Partner Network\",\"item\":\"http:\/\/staging.is962nap.de.edis.global\/kunden-partner\/partner\/\"},{\"@type\":\"ListItem\",\"position\":4,\"name\":\"Partner Stories\"}]}]}<\/script>\n<!-- \/ Yoast SEO Premium plugin. -->","yoast_head_json":{"title":"Partner Stories &bull; XiTrust","robots":{"index":"noindex","follow":"follow","max-snippet":"max-snippet:-1","max-image-preview":"max-image-preview:large","max-video-preview":"max-video-preview:-1"},"og_locale":"en_US","og_type":"article","og_title":"Partner Stories","og_description":"Partnernetzwerk Partner werden Zur\u00fcck zu Partner In der Praxis \u2013 Beispiele f\u00fcr Partnerl\u00f6sungen. SER Group Weiterlesen Output AG Weiterlesen Heilig &#038; Schubert Weiterlesen inovoo Weiterlesen zvoove Weiterlesen GEDAT Weiterlesen Swisscom Weiterlesen A-Trust Weiterlesen D-Trust Weiterlesen M\u00f6chten Sie auch Teil des XiTrust-Partnernetzwerks werden?Lassen Sie uns \u00fcber M\u00f6glichkeiten der Zusammenarbeit sprechen. Partner werden Gemeinsam vorankommen \u2013 Unser &hellip; Partner Stories Read More &raquo;","og_url":"http:\/\/staging.is962nap.de.edis.global\/en\/customers-partners\/partner-network\/partner-stories\/","og_site_name":"XiTrust","article_publisher":"https:\/\/www.facebook.com\/XiTrustSecureTechnologiesGmbH","article_modified_time":"2021-09-14T09:06:42+00:00","og_image":[{"url":"http:\/\/staging.is962nap.de.edis.global\/app\/uploads\/2021\/09\/ser-hauptsitz-bonn-zuschnitt.jpg"}],"twitter_card":"summary_large_image","twitter_site":"@XiTrust_MOXIS","twitter_misc":{"Est. reading time":"5 minutes"},"schema":{"@context":"https:\/\/schema.org","@graph":[{"@type":"Organization","@id":"http:\/\/staging.is962nap.de.edis.global\/#organization","name":"XiTrust Secure Technologies GmbH","url":"http:\/\/staging.is962nap.de.edis.global\/","sameAs":["https:\/\/www.facebook.com\/XiTrustSecureTechnologiesGmbH","https:\/\/www.linkedin.com\/company\/xitrust-the-esignature-company\/","https:\/\/www.youtube.com\/xitrust","https:\/\/twitter.com\/XiTrust_MOXIS"],"logo":{"@type":"ImageObject","@id":"http:\/\/staging.is962nap.de.edis.global\/#logo","inLanguage":"en-US","url":"http:\/\/staging.is962nap.de.edis.global\/app\/uploads\/2021\/10\/logo-xitrust-sticky.png","contentUrl":"http:\/\/staging.is962nap.de.edis.global\/app\/uploads\/2021\/10\/logo-xitrust-sticky.png","width":99,"height":78,"caption":"XiTrust Secure Technologies GmbH"},"image":{"@id":"http:\/\/staging.is962nap.de.edis.global\/#logo"}},{"@type":"WebSite","@id":"http:\/\/staging.is962nap.de.edis.global\/#website","url":"http:\/\/staging.is962nap.de.edis.global\/","name":"XiTrust","description":"The eSignature Company","publisher":{"@id":"http:\/\/staging.is962nap.de.edis.global\/#organization"},"potentialAction":[{"@type":"SearchAction","target":{"@type":"EntryPoint","urlTemplate":"http:\/\/staging.is962nap.de.edis.global\/?s={search_term_string}"},"query-input":"required name=search_term_string"}],"inLanguage":"en-US"},{"@type":"ImageObject","@id":"http:\/\/staging.is962nap.de.edis.global\/en\/customers-partners\/partner-network\/partner-stories\/#primaryimage","inLanguage":"en-US","url":"http:\/\/staging.is962nap.de.edis.global\/app\/uploads\/2021\/09\/ser-hauptsitz-bonn-zuschnitt.jpg","contentUrl":"http:\/\/staging.is962nap.de.edis.global\/app\/uploads\/2021\/09\/ser-hauptsitz-bonn-zuschnitt.jpg"},{"@type":"WebPage","@id":"http:\/\/staging.is962nap.de.edis.global\/en\/customers-partners\/partner-network\/partner-stories\/#webpage","url":"http:\/\/staging.is962nap.de.edis.global\/en\/customers-partners\/partner-network\/partner-stories\/","name":"Partner Stories &bull; XiTrust","isPartOf":{"@id":"http:\/\/staging.is962nap.de.edis.global\/#website"},"primaryImageOfPage":{"@id":"http:\/\/staging.is962nap.de.edis.global\/en\/customers-partners\/partner-network\/partner-stories\/#primaryimage"},"datePublished":"2021-07-23T18:12:21+00:00","dateModified":"2021-09-14T09:06:42+00:00","breadcrumb":{"@id":"http:\/\/staging.is962nap.de.edis.global\/en\/customers-partners\/partner-network\/partner-stories\/#breadcrumb"},"inLanguage":"en-US","potentialAction":[{"@type":"ReadAction","target":["http:\/\/staging.is962nap.de.edis.global\/en\/customers-partners\/partner-network\/partner-stories\/"]}]},{"@type":"BreadcrumbList","@id":"http:\/\/staging.is962nap.de.edis.global\/en\/customers-partners\/partner-network\/partner-stories\/#breadcrumb","itemListElement":[{"@type":"ListItem","position":1,"name":"XiTrust","item":"http:\/\/staging.is962nap.de.edis.global\/en\/"},{"@type":"ListItem","position":2,"name":"Customers &#038; Partners","item":"http:\/\/staging.is962nap.de.edis.global\/en\/customers-partners\/"},{"@type":"ListItem","position":3,"name":"Partner Network","item":"http:\/\/staging.is962nap.de.edis.global\/kunden-partner\/partner\/"},{"@type":"ListItem","position":4,"name":"Partner Stories"}]}]}},"_links":{"self":[{"href":"http:\/\/staging.is962nap.de.edis.global\/en\/wp-json\/wp\/v2\/pages\/6858"}],"collection":[{"href":"http:\/\/staging.is962nap.de.edis.global\/en\/wp-json\/wp\/v2\/pages"}],"about":[{"href":"http:\/\/staging.is962nap.de.edis.global\/en\/wp-json\/wp\/v2\/types\/page"}],"author":[{"embeddable":true,"href":"http:\/\/staging.is962nap.de.edis.global\/en\/wp-json\/wp\/v2\/users\/3"}],"replies":[{"embeddable":true,"href":"http:\/\/staging.is962nap.de.edis.global\/en\/wp-json\/wp\/v2\/comments?post=6858"}],"version-history":[{"count":4,"href":"http:\/\/staging.is962nap.de.edis.global\/en\/wp-json\/wp\/v2\/pages\/6858\/revisions"}],"predecessor-version":[{"id":7975,"href":"http:\/\/staging.is962nap.de.edis.global\/en\/wp-json\/wp\/v2\/pages\/6858\/revisions\/7975"}],"up":[{"embeddable":true,"href":"http:\/\/staging.is962nap.de.edis.global\/en\/wp-json\/wp\/v2\/pages\/9477"}],"wp:attachment":[{"href":"http:\/\/staging.is962nap.de.edis.global\/en\/wp-json\/wp\/v2\/media?parent=6858"}],"curies":[{"name":"wp","href":"https:\/\/api.w.org\/{rel}","templated":true}]}}